{"id":818,"date":"2023-09-07T12:01:32","date_gmt":"2023-09-07T10:01:32","guid":{"rendered":"https:\/\/villajohn.hr\/datenschutzbestimmungen\/"},"modified":"2024-01-23T14:56:53","modified_gmt":"2024-01-23T12:56:53","slug":"datenschutzbestimmungen","status":"publish","type":"page","link":"https:\/\/villajohn.hr\/de\/datenschutzbestimmungen\/","title":{"rendered":"Datenschutzbestimmungen"},"content":{"rendered":"<p>[et_pb_section fb_built=&#8220;1&#8243; admin_label=&#8220;Header&#8220; _builder_version=&#8220;4.23&#8243; _module_preset=&#8220;default&#8220; background_color=&#8220;rgba(0,0,0,0.5)&#8220; background_image=&#8220;https:\/\/villajohn.hr\/wp-content\/uploads\/2023\/10\/john31.jpg&#8220; background_blend=&#8220;overlay&#8220; custom_padding=&#8220;12vw||12vw||true|false&#8220; collapsed=&#8220;on&#8220; global_colors_info=&#8220;{}&#8220;][et_pb_row _builder_version=&#8220;4.20.0&#8243; _module_preset=&#8220;default&#8220; global_colors_info=&#8220;{}&#8220;][et_pb_column type=&#8220;4_4&#8243; _builder_version=&#8220;4.20.0&#8243; _module_preset=&#8220;default&#8220; global_colors_info=&#8220;{}&#8220;][et_pb_text _builder_version=&#8220;4.21.2&#8243; _module_preset=&#8220;b2e41c94-0126-4761-9689-b2a35b1d6014&#8243; header_text_color=&#8220;#FFFFFF&#8220; header_2_font_size=&#8220;60px&#8220; text_orientation=&#8220;center&#8220; custom_padding=&#8220;|15px||15px|false|true&#8220; global_colors_info=&#8220;{}&#8220;]<\/p>\n<h1>Pravila privatnosti<\/h1>\n<p>[\/et_pb_text][\/et_pb_column][\/et_pb_row][\/et_pb_section][et_pb_section fb_built=&#8220;1&#8243; admin_label=&#8220;Services&#8220; module_id=&#8220;galerija&#8220; _builder_version=&#8220;4.21.2&#8243; _module_preset=&#8220;default&#8220; background_color=&#8220;#f6f6f6&#8243; background_enable_pattern_style=&#8220;on&#8220; background_pattern_style=&#8220;tufted&#8220; background_pattern_color=&#8220;rgba(0,0,0,0.1)&#8220; background_pattern_size=&#8220;custom&#8220; background_pattern_width=&#8220;0px&#8220; background_pattern_height=&#8220;0px&#8220; background_pattern_repeat_origin=&#8220;center&#8220; collapsed=&#8220;on&#8220; global_colors_info=&#8220;{}&#8220;][et_pb_row _builder_version=&#8220;4.22.2&#8243; _module_preset=&#8220;default&#8220; saved_tabs=&#8220;all&#8220; global_colors_info=&#8220;{}&#8220;][et_pb_column type=&#8220;4_4&#8243; _builder_version=&#8220;4.22.2&#8243; _module_preset=&#8220;default&#8220; background_enable_color=&#8220;off&#8220; global_colors_info=&#8220;{}&#8220; background_color__hover=&#8220;#F9F9F9&#8243; background__hover_enabled=&#8220;off|hover&#8220; box_shadow_spread__hover=&#8220;20px&#8220; box_shadow_spread__hover_enabled=&#8220;on|hover&#8220; background_enable_color__hover=&#8220;on&#8220;][et_pb_text _builder_version=&#8220;4.22.2&#8243; _module_preset=&#8220;16b7d813-62a4-4af0-a05c-9076717b442e&#8220; text_font=&#8220;Open Sans||||||||&#8220; link_font=&#8220;||||on||||&#8220; link_text_color=&#8220;#0C71C3&#8243; header_2_font_size=&#8220;60px&#8220; custom_margin=&#8220;||2px|||&#8220; custom_padding=&#8220;|0px||0px|false|true&#8220; global_colors_info=&#8220;{}&#8220;]<\/p>\n<p>Pravila privatnosti<br \/>Letzte Aktualisierung: 07. September 2023 <br \/>Datum des Inkrafttretens: 7. September 2023. <\/p>\n<p>Diese Datenschutzrichtlinie beschreibt die Richtlinien von Villa John, Selo 24, Istrien 52212, Kroatien, E-Mail: <a href=\"mailto:villajohn2019@gmail.com\" target=\"_blank\" rel=\"noopener\">villajohn2019@gmail.com<\/a>, Telefon: <a href=\"tel:+385%2098%20992%202112\" target=\"_blank\" rel=\"noopener\">+385 98 992 2112<\/a>, bez\u00fcglich der Erhebung, Nutzung und Offenlegung Ihre Informationen, die wir sammeln, wenn Sie unsere Website (<a href=\"https:\/\/villajohn.hr\/de\/\" target=\"_blank\" rel=\"noopener\">https:\/\/villajohn.hr<\/a>) nutzen (im Folgenden \u201eService\u201c). Durch den Zugriff auf oder die Nutzung des Dienstes stimmen Sie der Erfassung, Nutzung und Offenlegung Ihrer Daten zu in \u00dcbereinstimmung mit diesen Datenschutzbestimmungen. Wenn Sie damit nicht einverstanden sind, greifen Sie bitte nicht darauf zu und verwenden Sie es nicht Service. <\/p>\n<p>Wir k\u00f6nnen diese Datenschutzrichtlinie jederzeit ohne Vorank\u00fcndigung \u00e4ndern und werden die ge\u00e4nderten Fassungen ver\u00f6ffentlichen Datenschutzrichtlinie f\u00fcr den Dienst. Die ge\u00e4nderte Richtlinie tritt 180 Tage nach dem Datum in Kraft Die ge\u00e4nderte Richtlinie wird auf dem Dienst ver\u00f6ffentlicht und Ihr weiterer Zugriff oder Ihre Nutzung des Dienstes danach dies gilt als Ihr Einverst\u00e4ndnis mit der ge\u00e4nderten Datenschutzerkl\u00e4rung. Das empfehlen wir daher Sie \u00fcberpr\u00fcfen diese Seite regelm\u00e4\u00dfig.  <\/p>\n<p>Daten, die wir sammeln:<\/p>\n<p>Wir werden Folgendes sammeln und verarbeiten Pers\u00f6nliche Daten \u00fcber Sie:<\/p>\n<ul>\n<li>Name<\/li>\n<li>E-Mail<\/li>\n<li>Die von Ihnen gesendete Anfrage<\/li>\n<\/ul>\n<p>Wie wir Ihre Daten verwenden:<\/p>\n<p>Wir werden die Daten verwenden. Wir erfassen Ihre Daten zu folgenden Zwecken:<\/p>\n<ul>\n<li>Marketing \/ Werbung<\/li>\n<li>Sammeln von Feedback von Benutzern<\/li>\n<li>Support<\/li>\n<li>Website-Schutz<\/li>\n<li>Wenn wir Ihre Daten f\u00fcr einen anderen Zweck verwenden m\u00f6chten, bitten wir Sie um Ihr Einverst\u00e4ndnis und verwenden Sie Ihre Daten nur, nachdem wir Ihre Einwilligung eingeholt haben, und dann nur f\u00fcr den Zweck, f\u00fcr den Sie dies getan haben Ihre Einwilligung erteilt haben, sofern gesetzlich nichts anderes vorgeschrieben ist.<\/li>\n<\/ul>\n<p>Wie wir Ihre Daten weitergeben:<\/p>\n<p>Das werden wir nicht tun Geben Sie Ihre pers\u00f6nlichen Daten ohne Ihre Einwilligung an Dritte weiter, au\u00dfer in den folgenden F\u00e4llen: begrenzte Umst\u00e4nde, die unten beschrieben werden:<\/p>\n<ul>\n<li>Werbedienst<\/li>\n<li>Analytics<\/li>\n<\/ul>\n<p>Wir verlangen von diesen Dritten, dass sie dies tun Verwenden Sie die von uns an Sie \u00fcbermittelten personenbezogenen Daten nur f\u00fcr den Zweck, f\u00fcr den sie \u00fcbermittelt wurden, und nicht sie l\u00e4nger als n\u00f6tig aufzubewahren, um die angegebenen Zwecke zu erf\u00fcllen. Wir k\u00f6nnen auch Ihre pers\u00f6nlichen Daten offenlegen Informationen f\u00fcr die folgenden Zwecke: <\/p>\n<p>(1) wie wir geltende Gesetze und Vorschriften einhalten w\u00fcrden, Gerichtsbeschl\u00fcsse oder andere rechtliche Verfahren;<\/p>\n<p>(2) um Ihre Vereinbarungen mit uns, einschlie\u00dflich dieser Regeln, durchzusetzen Privatsph\u00e4re; oder<\/p>\n<p>(3) um auf Behauptungen zu reagieren, dass Ihre Nutzung des Dienstes die Rechte der Seite Dritter verletzt. Wenn der Dienst oder unser Unternehmen mit einem anderen Unternehmen fusioniert oder von einem anderen Unternehmen \u00fcbernommen wird, werden Ihre Daten einer davon sein die Verm\u00f6gensgegenst\u00e4nde, die auf den neuen Eigent\u00fcmer \u00fcbertragen werden. <\/p>\n<p>Aufbewahrung Ihrer Daten:<\/p>\n<p>Wir bewahren Ihre personenbezogenen Daten 90 Tage bis 2 Jahre nach der Nutzung bei uns auf Konten bleiben inaktiv oder so lange, wie wir die Zwecke erf\u00fcllen m\u00fcssen, f\u00fcr die sie erfasst wurden Einzelheiten finden Sie in dieser Datenschutzrichtlinie. M\u00f6glicherweise m\u00fcssen wir bestimmte Informationen l\u00e4nger aufbewahren, z. B. Aufzeichnungen Aufbewahrung\/Berichterstattung in \u00dcbereinstimmung mit geltendem Recht oder aus anderen legitimen Gr\u00fcnden wie der Aus\u00fcbung gesetzliche Rechte, Betrugspr\u00e4vention usw. Reste anonymer Informationen und aggregierter Informationen, die Sie weder direkt noch indirekt identifizieren, k\u00f6nnen f\u00fcr unbegrenzte Zeit gespeichert werden.  <\/p>\n<p>Ihre Rechte:<\/p>\n<p>Abh\u00e4ngig nach geltendem Recht haben Sie m\u00f6glicherweise das Recht, auf Ihre personenbezogenen Daten zuzugreifen und diese zu berichtigen oder zu l\u00f6schen oder eine zu erhalten Kopie Ihrer personenbezogenen Daten, Einschr\u00e4nkung oder Einspruch gegen die aktive Verarbeitung Ihrer Daten, Aufforderung zur Weitergabe Ihre personenbezogenen Daten an eine andere Person (\u00fcbermitteln) und Ihre Einwilligung, die Sie uns erteilt haben, zu widerrufen Verarbeitung Ihrer Daten, das Recht, eine Beschwerde bei der zust\u00e4ndigen Beh\u00f6rde einzureichen und andere Rechte, die ggf. Bestehen nach geltendem Recht relevant sein. Um diese Rechte auszu\u00fcben, k\u00f6nnen Sie uns schreiben unter <a href=\"mailto:villajohn2019@gmail.com\" target=\"_blank\" rel=\"noopener\">villajohn2019@gmail.com<\/a>.  Wir werden Ihre Anfrage im Einklang mit geltendem Recht beantworten.<br \/>Bitte beachten Sie, dass, wenn Sie uns nicht erlauben, die erforderlichen personenbezogenen Daten zu sammeln oder zu verarbeiten bzw wenn Sie Ihre Einwilligung zur Verarbeitung f\u00fcr den gew\u00fcnschten Zweck widerrufen, haben Sie m\u00f6glicherweise keinen Zugriff mehr auf oder die Dienste nutzen, f\u00fcr die Ihre Daten abgefragt werden.<\/p>\n<p>Cookies<br \/>Um mehr dar\u00fcber zu erfahren, wie wir diese verwenden und welche Optionen Sie bez\u00fcglich dieser Tracking-Technologien haben, erfahren Sie in unserer Cookie-Richtlinie.<\/p>\n<p>Sicherheit:<br \/>Die Sicherheit Ihrer Daten ist uns wichtig und wir werden angemessene Sicherheitsma\u00dfnahmen ergreifen, um dies zu verhindern Verlust, Missbrauch oder unbefugter Zugriff auf Ihre Daten. Angesichts der damit verbundenen Risiken k\u00f6nnen wir dies jedoch nicht tun garantieren absolute Sicherheit und k\u00f6nnen daher die Sicherheit Ihrer Informationen nicht gew\u00e4hrleisten oder garantieren die \u00dcbermittlung an uns erfolgt auf eigenes Risiko. <\/p>\n<p>Links zu Dritten und Verwendung Ihrer Daten:<br \/>Unser Service kann Links zu anderen Websites enthalten, die nicht unser Eigentum sind. Diese Datenschutzrichtlinie gilt nicht f\u00fcr die Datenschutzrichtlinien und andere Praktiken Dritter, einschlie\u00dflich solcher Dritte, die eine Website oder einen Dienst betreiben, der \u00fcber einen Link im Dienst verf\u00fcgbar ist. Wir empfehlen dringend, die Datenschutzrichtlinien jeder von Ihnen besuchten Website zu lesen. Wir haben keine Kontrolle dar\u00fcber die Inhalte, Datenschutzrichtlinien oder -praktiken Dritter oder Dienste.   <\/p>\n<p>Fragen \/ Datenschutz Beauftragter:<br \/>Wenn Sie Fragen oder Bedenken bez\u00fcglich der Verarbeitung Ihrer verf\u00fcgbaren Informationen haben Bei uns k\u00f6nnen Sie eine E-Mail an unseren Beamten f\u00fcr Beschwerden an Villa John, Village 24, E-Mail senden: <a href=\"mailto:villajohn2019@gmail.com\" target=\"_blank\" rel=\"noopener\">villajohn2019@gmail.com<\/a>. Wir werden Ihre Anliegen im Einklang mit geltendem Recht bearbeiten.<\/p>\n<p>[\/et_pb_text][\/et_pb_column][\/et_pb_row][\/et_pb_section][et_pb_section fb_built=&#8220;1&#8243; admin_label=&#8220;Footer&#8220; _builder_version=&#8220;4.23&#8243; _module_preset=&#8220;default&#8220; background_enable_color=&#8220;off&#8220; use_background_color_gradient=&#8220;on&#8220; background_color_gradient_stops=&#8220;#000000 0%|rgba(0,0,0,0.8) 27%&#8220; background_image=&#8220;https:\/\/villajohn.hr\/wp-content\/uploads\/2023\/10\/john32.jpg&#8220; background_blend=&#8220;overlay&#8220; saved_tabs=&#8220;all&#8220; collapsed=&#8220;on&#8220; global_colors_info=&#8220;{}&#8220;][et_pb_row _builder_version=&#8220;4.20.0&#8243; _module_preset=&#8220;default&#8220; global_colors_info=&#8220;{}&#8220;][et_pb_column type=&#8220;4_4&#8243; _builder_version=&#8220;4.20.0&#8243; _module_preset=&#8220;default&#8220; global_colors_info=&#8220;{}&#8220;][et_pb_text _builder_version=&#8220;4.21.2&#8243; _module_preset=&#8220;a85ca2e9-2fbc-4fc4-85b1-4c05e0c1f6f1&#8243; header_2_text_color=&#8220;#FFFFFF&#8220; header_2_font_size=&#8220;60px&#8220; text_orientation=&#8220;center&#8220; global_colors_info=&#8220;{}&#8220;]<\/p>\n<h2><span>Kontaktieren Sie uns f\u00fcr alle Fragen und Details<\/span><\/h2>\n<p>[\/et_pb_text][et_pb_contact_form email=&#8220;villajohn2019@gmail.com&#8220; custom_message=&#8220;Novi upit &#8211; Pravila privatnosti &#8211; GER||et_pb_line_break_holder||||et_pb_line_break_holder||Ime: %%Ime%%||et_pb_line_break_holder||Email: %%Email%%||et_pb_line_break_holder||Poruka: %%Poruka%%&#8220; use_redirect=&#8220;on&#8220; redirect_url=&#8220;https:\/\/villajohn.hr\/de\/vielen-dank-seite\/&#8220; submit_button_text=&#8220;Schicken&#8220; _builder_version=&#8220;4.22.2&#8243; _module_preset=&#8220;072579b2-f95a-4748-ab9b-56b9b2392b55&#8243; form_field_focus_background_color=&#8220;rgba(0,0,0,0.38)&#8220; form_field_focus_text_color=&#8220;#FFFFFF&#8220; captcha_text_color=&#8220;#FFFFFF&#8220; button_text_size=&#8220;16px&#8220; button_text_color=&#8220;#FFFFFF&#8220; button_bg_color=&#8220;#3498db&#8220; button_border_width=&#8220;1px&#8220; button_border_color=&#8220;#FFFFFF&#8220; button_use_icon=&#8220;off&#8220; button_custom_padding=&#8220;12px|17px|12px|17px|true|true&#8220; max_width=&#8220;700px&#8220; module_alignment=&#8220;center&#8220; locked=&#8220;off&#8220; global_colors_info=&#8220;{}&#8220;][et_pb_contact_field field_id=&#8220;Ime&#8220; field_title=&#8220;Name&#8220; fullwidth_field=&#8220;on&#8220; _builder_version=&#8220;4.21.2&#8243; _module_preset=&#8220;default&#8220; global_colors_info=&#8220;{}&#8220; button_text_size__hover_enabled=&#8220;off&#8220; button_one_text_size__hover_enabled=&#8220;off&#8220; button_two_text_size__hover_enabled=&#8220;off&#8220; button_text_color__hover_enabled=&#8220;off&#8220; button_one_text_color__hover_enabled=&#8220;off&#8220; button_two_text_color__hover_enabled=&#8220;off&#8220; button_border_width__hover_enabled=&#8220;off&#8220; button_one_border_width__hover_enabled=&#8220;off&#8220; button_two_border_width__hover_enabled=&#8220;off&#8220; button_border_color__hover_enabled=&#8220;off&#8220; button_one_border_color__hover_enabled=&#8220;off&#8220; button_two_border_color__hover_enabled=&#8220;off&#8220; button_border_radius__hover_enabled=&#8220;off&#8220; button_one_border_radius__hover_enabled=&#8220;off&#8220; button_two_border_radius__hover_enabled=&#8220;off&#8220; button_letter_spacing__hover_enabled=&#8220;off&#8220; button_one_letter_spacing__hover_enabled=&#8220;off&#8220; button_two_letter_spacing__hover_enabled=&#8220;off&#8220; button_bg_color__hover_enabled=&#8220;off&#8220; button_one_bg_color__hover_enabled=&#8220;off&#8220; button_two_bg_color__hover_enabled=&#8220;off&#8220;][\/et_pb_contact_field][et_pb_contact_field field_id=&#8220;Email&#8220; field_title=&#8220;Email&#8220; field_type=&#8220;email&#8220; fullwidth_field=&#8220;on&#8220; _builder_version=&#8220;4.21.2&#8243; _module_preset=&#8220;default&#8220; global_colors_info=&#8220;{}&#8220; button_text_size__hover_enabled=&#8220;off&#8220; button_one_text_size__hover_enabled=&#8220;off&#8220; button_two_text_size__hover_enabled=&#8220;off&#8220; button_text_color__hover_enabled=&#8220;off&#8220; button_one_text_color__hover_enabled=&#8220;off&#8220; button_two_text_color__hover_enabled=&#8220;off&#8220; button_border_width__hover_enabled=&#8220;off&#8220; button_one_border_width__hover_enabled=&#8220;off&#8220; button_two_border_width__hover_enabled=&#8220;off&#8220; button_border_color__hover_enabled=&#8220;off&#8220; button_one_border_color__hover_enabled=&#8220;off&#8220; button_two_border_color__hover_enabled=&#8220;off&#8220; button_border_radius__hover_enabled=&#8220;off&#8220; button_one_border_radius__hover_enabled=&#8220;off&#8220; button_two_border_radius__hover_enabled=&#8220;off&#8220; button_letter_spacing__hover_enabled=&#8220;off&#8220; button_one_letter_spacing__hover_enabled=&#8220;off&#8220; button_two_letter_spacing__hover_enabled=&#8220;off&#8220; button_bg_color__hover_enabled=&#8220;off&#8220; button_one_bg_color__hover_enabled=&#8220;off&#8220; button_two_bg_color__hover_enabled=&#8220;off&#8220;][\/et_pb_contact_field][et_pb_contact_field field_id=&#8220;Poruka&#8220; field_title=&#8220;Schreiben Sie hier, was Sie interessiert&#8220; field_type=&#8220;text&#8220; fullwidth_field=&#8220;on&#8220; _builder_version=&#8220;4.21.2&#8243; _module_preset=&#8220;default&#8220; global_colors_info=&#8220;{}&#8220; button_text_size__hover_enabled=&#8220;off&#8220; button_one_text_size__hover_enabled=&#8220;off&#8220; button_two_text_size__hover_enabled=&#8220;off&#8220; button_text_color__hover_enabled=&#8220;off&#8220; button_one_text_color__hover_enabled=&#8220;off&#8220; button_two_text_color__hover_enabled=&#8220;off&#8220; button_border_width__hover_enabled=&#8220;off&#8220; button_one_border_width__hover_enabled=&#8220;off&#8220; button_two_border_width__hover_enabled=&#8220;off&#8220; button_border_color__hover_enabled=&#8220;off&#8220; button_one_border_color__hover_enabled=&#8220;off&#8220; button_two_border_color__hover_enabled=&#8220;off&#8220; button_border_radius__hover_enabled=&#8220;off&#8220; button_one_border_radius__hover_enabled=&#8220;off&#8220; button_two_border_radius__hover_enabled=&#8220;off&#8220; button_letter_spacing__hover_enabled=&#8220;off&#8220; button_one_letter_spacing__hover_enabled=&#8220;off&#8220; button_two_letter_spacing__hover_enabled=&#8220;off&#8220; button_bg_color__hover_enabled=&#8220;off&#8220; button_one_bg_color__hover_enabled=&#8220;off&#8220; button_two_bg_color__hover_enabled=&#8220;off&#8220;][\/et_pb_contact_field][\/et_pb_contact_form][\/et_pb_column][\/et_pb_row][\/et_pb_section]<\/p>\n","protected":false},"excerpt":{"rendered":"<p>Pravila privatnostiPravila privatnostiLetzte Aktualisierung: 07. September 2023 Datum des Inkrafttretens: 7. September 2023. Diese Datenschutzrichtlinie beschreibt die Richtlinien von Villa John, Selo 24, Istrien 52212, Kroatien, E-Mail: villajohn2019@gmail.com, Telefon: +385 98 992 2112, bez\u00fcglich der Erhebung, Nutzung und Offenlegung Ihre Informationen, die wir sammeln, wenn Sie unsere Website (https:\/\/villajohn.hr) nutzen (im Folgenden \u201eService\u201c). Durch den [&hellip;]<\/p>\n","protected":false},"author":1,"featured_media":0,"parent":0,"menu_order":0,"comment_status":"closed","ping_status":"closed","template":"","meta":{"_et_pb_use_builder":"on","_et_pb_old_content":"","_et_gb_content_width":"","footnotes":""},"class_list":["post-818","page","type-page","status-publish","hentry"],"yoast_head":"<!-- This site is optimized with the Yoast SEO plugin v22.5 - https:\/\/yoast.com\/wordpress\/plugins\/seo\/ -->\n<title>Datenschutzbestimmungen - Villa John<\/title>\n<meta name=\"robots\" content=\"index, follow, max-snippet:-1, max-image-preview:large, max-video-preview:-1\" \/>\n<link rel=\"canonical\" href=\"https:\/\/villajohn.hr\/de\/datenschutzbestimmungen\/\" \/>\n<meta property=\"og:locale\" content=\"de_DE\" \/>\n<meta property=\"og:type\" content=\"article\" \/>\n<meta property=\"og:title\" content=\"Datenschutzbestimmungen - Villa John\" \/>\n<meta property=\"og:url\" content=\"https:\/\/villajohn.hr\/de\/datenschutzbestimmungen\/\" \/>\n<meta property=\"og:site_name\" content=\"Villa John\" \/>\n<meta property=\"article:publisher\" content=\"https:\/\/www.facebook.com\/villajohn2019\" \/>\n<meta property=\"article:modified_time\" content=\"2024-01-23T12:56:53+00:00\" \/>\n<meta property=\"og:image\" content=\"https:\/\/villajohn.hr\/wp-content\/uploads\/2025\/02\/villa-pula-croatia1.jpg\" \/>\n\t<meta property=\"og:image:width\" content=\"1200\" \/>\n\t<meta property=\"og:image:height\" content=\"697\" \/>\n\t<meta property=\"og:image:type\" content=\"image\/jpeg\" \/>\n<meta name=\"twitter:card\" content=\"summary_large_image\" \/>\n<meta name=\"twitter:label1\" content=\"Gesch\u00e4tzte Lesezeit\" \/>\n\t<meta name=\"twitter:data1\" content=\"10\u00a0Minuten\" \/>\n<script type=\"application\/ld+json\" class=\"yoast-schema-graph\">{\"@context\":\"https:\/\/schema.org\",\"@graph\":[{\"@type\":\"WebPage\",\"@id\":\"https:\/\/villajohn.hr\/de\/datenschutzbestimmungen\/\",\"url\":\"https:\/\/villajohn.hr\/de\/datenschutzbestimmungen\/\",\"name\":\"Datenschutzbestimmungen - Villa John\",\"isPartOf\":{\"@id\":\"https:\/\/villajohn.hr\/de\/#website\"},\"datePublished\":\"2023-09-07T10:01:32+00:00\",\"dateModified\":\"2024-01-23T12:56:53+00:00\",\"breadcrumb\":{\"@id\":\"https:\/\/villajohn.hr\/de\/datenschutzbestimmungen\/#breadcrumb\"},\"inLanguage\":\"de\",\"potentialAction\":[{\"@type\":\"ReadAction\",\"target\":[\"https:\/\/villajohn.hr\/de\/datenschutzbestimmungen\/\"]}]},{\"@type\":\"BreadcrumbList\",\"@id\":\"https:\/\/villajohn.hr\/de\/datenschutzbestimmungen\/#breadcrumb\",\"itemListElement\":[{\"@type\":\"ListItem\",\"position\":1,\"name\":\"Po\u010detna stranica\",\"item\":\"https:\/\/villajohn.hr\/de\/\"},{\"@type\":\"ListItem\",\"position\":2,\"name\":\"Datenschutzbestimmungen\"}]},{\"@type\":\"WebSite\",\"@id\":\"https:\/\/villajohn.hr\/de\/#website\",\"url\":\"https:\/\/villajohn.hr\/de\/\",\"name\":\"Villa John\",\"description\":\"Villa John vam otkriva novi svijet u\u017eitka\",\"publisher\":{\"@id\":\"https:\/\/villajohn.hr\/de\/#organization\"},\"alternateName\":\"Villa John Pula\",\"potentialAction\":[{\"@type\":\"SearchAction\",\"target\":{\"@type\":\"EntryPoint\",\"urlTemplate\":\"https:\/\/villajohn.hr\/de\/?s={search_term_string}\"},\"query-input\":\"required name=search_term_string\"}],\"inLanguage\":\"de\"},{\"@type\":\"Organization\",\"@id\":\"https:\/\/villajohn.hr\/de\/#organization\",\"name\":\"Villa John\",\"url\":\"https:\/\/villajohn.hr\/de\/\",\"logo\":{\"@type\":\"ImageObject\",\"inLanguage\":\"de\",\"@id\":\"https:\/\/villajohn.hr\/de\/#\/schema\/logo\/image\/\",\"url\":\"https:\/\/villajohn.hr\/wp-content\/uploads\/2023\/08\/cropped-Villalogo.png\",\"contentUrl\":\"https:\/\/villajohn.hr\/wp-content\/uploads\/2023\/08\/cropped-Villalogo.png\",\"width\":512,\"height\":512,\"caption\":\"Villa John\"},\"image\":{\"@id\":\"https:\/\/villajohn.hr\/de\/#\/schema\/logo\/image\/\"},\"sameAs\":[\"https:\/\/www.facebook.com\/villajohn2019\",\"https:\/\/www.instagram.com\/villajohnholiday\/\"]}]}<\/script>\n<!-- \/ Yoast SEO plugin. -->","yoast_head_json":{"title":"Datenschutzbestimmungen - Villa John","robots":{"index":"index","follow":"follow","max-snippet":"max-snippet:-1","max-image-preview":"max-image-preview:large","max-video-preview":"max-video-preview:-1"},"canonical":"https:\/\/villajohn.hr\/de\/datenschutzbestimmungen\/","og_locale":"de_DE","og_type":"article","og_title":"Datenschutzbestimmungen - Villa John","og_url":"https:\/\/villajohn.hr\/de\/datenschutzbestimmungen\/","og_site_name":"Villa John","article_publisher":"https:\/\/www.facebook.com\/villajohn2019","article_modified_time":"2024-01-23T12:56:53+00:00","og_image":[{"width":1200,"height":697,"url":"https:\/\/villajohn.hr\/wp-content\/uploads\/2025\/02\/villa-pula-croatia1.jpg","type":"image\/jpeg"}],"twitter_card":"summary_large_image","twitter_misc":{"Gesch\u00e4tzte Lesezeit":"10\u00a0Minuten"},"schema":{"@context":"https:\/\/schema.org","@graph":[{"@type":"WebPage","@id":"https:\/\/villajohn.hr\/de\/datenschutzbestimmungen\/","url":"https:\/\/villajohn.hr\/de\/datenschutzbestimmungen\/","name":"Datenschutzbestimmungen - Villa John","isPartOf":{"@id":"https:\/\/villajohn.hr\/de\/#website"},"datePublished":"2023-09-07T10:01:32+00:00","dateModified":"2024-01-23T12:56:53+00:00","breadcrumb":{"@id":"https:\/\/villajohn.hr\/de\/datenschutzbestimmungen\/#breadcrumb"},"inLanguage":"de","potentialAction":[{"@type":"ReadAction","target":["https:\/\/villajohn.hr\/de\/datenschutzbestimmungen\/"]}]},{"@type":"BreadcrumbList","@id":"https:\/\/villajohn.hr\/de\/datenschutzbestimmungen\/#breadcrumb","itemListElement":[{"@type":"ListItem","position":1,"name":"Po\u010detna stranica","item":"https:\/\/villajohn.hr\/de\/"},{"@type":"ListItem","position":2,"name":"Datenschutzbestimmungen"}]},{"@type":"WebSite","@id":"https:\/\/villajohn.hr\/de\/#website","url":"https:\/\/villajohn.hr\/de\/","name":"Villa John","description":"Villa John vam otkriva novi svijet u\u017eitka","publisher":{"@id":"https:\/\/villajohn.hr\/de\/#organization"},"alternateName":"Villa John Pula","potentialAction":[{"@type":"SearchAction","target":{"@type":"EntryPoint","urlTemplate":"https:\/\/villajohn.hr\/de\/?s={search_term_string}"},"query-input":"required name=search_term_string"}],"inLanguage":"de"},{"@type":"Organization","@id":"https:\/\/villajohn.hr\/de\/#organization","name":"Villa John","url":"https:\/\/villajohn.hr\/de\/","logo":{"@type":"ImageObject","inLanguage":"de","@id":"https:\/\/villajohn.hr\/de\/#\/schema\/logo\/image\/","url":"https:\/\/villajohn.hr\/wp-content\/uploads\/2023\/08\/cropped-Villalogo.png","contentUrl":"https:\/\/villajohn.hr\/wp-content\/uploads\/2023\/08\/cropped-Villalogo.png","width":512,"height":512,"caption":"Villa John"},"image":{"@id":"https:\/\/villajohn.hr\/de\/#\/schema\/logo\/image\/"},"sameAs":["https:\/\/www.facebook.com\/villajohn2019","https:\/\/www.instagram.com\/villajohnholiday\/"]}]}},"_links":{"self":[{"href":"https:\/\/villajohn.hr\/de\/wp-json\/wp\/v2\/pages\/818","targetHints":{"allow":["GET"]}}],"collection":[{"href":"https:\/\/villajohn.hr\/de\/wp-json\/wp\/v2\/pages"}],"about":[{"href":"https:\/\/villajohn.hr\/de\/wp-json\/wp\/v2\/types\/page"}],"author":[{"embeddable":true,"href":"https:\/\/villajohn.hr\/de\/wp-json\/wp\/v2\/users\/1"}],"replies":[{"embeddable":true,"href":"https:\/\/villajohn.hr\/de\/wp-json\/wp\/v2\/comments?post=818"}],"version-history":[{"count":4,"href":"https:\/\/villajohn.hr\/de\/wp-json\/wp\/v2\/pages\/818\/revisions"}],"predecessor-version":[{"id":982,"href":"https:\/\/villajohn.hr\/de\/wp-json\/wp\/v2\/pages\/818\/revisions\/982"}],"wp:attachment":[{"href":"https:\/\/villajohn.hr\/de\/wp-json\/wp\/v2\/media?parent=818"}],"curies":[{"name":"wp","href":"https:\/\/api.w.org\/{rel}","templated":true}]}}